{"id":811,"date":"2026-04-04T15:04:18","date_gmt":"2026-04-04T15:04:18","guid":{"rendered":"https:\/\/www.mtm-gmbh.com\/?page_id=811"},"modified":"2026-04-04T15:05:25","modified_gmt":"2026-04-04T15:05:25","slug":"mitarbeiter","status":"publish","type":"page","link":"https:\/\/www.mtm-gmbh.com\/?page_id=811","title":{"rendered":"Mitarbeiter"},"content":{"rendered":"\t\t<div data-elementor-type=\"wp-page\" data-elementor-id=\"811\" class=\"elementor elementor-811\" data-elementor-post-type=\"page\">\n\t\t\t\t<div class=\"elementor-element elementor-element-4551c1f e-flex e-con-boxed e-con e-parent\" data-id=\"4551c1f\" data-element_type=\"container\" data-e-type=\"container\" data-settings=\"{&quot;background_background&quot;:&quot;video&quot;,&quot;background_video_link&quot;:&quot;https:\\\/\\\/www.mtm-gmbh.com\\\/wp-content\\\/uploads\\\/2026\\\/03\\\/Flex_Cell_D.mp4&quot;}\">\n\t\t\t\t\t<div class=\"e-con-inner\">\n\t\t<div class=\"elementor-background-video-container elementor-hidden-mobile\">\n\t\t\t\t\t\t\t<video class=\"elementor-background-video-hosted\" role=\"presentation\" autoplay muted playsinline loop><\/video>\n\t\t\t\t\t<\/div><div class=\"elementor-element elementor-element-738279b e-con-full e-flex e-con e-child\" data-id=\"738279b\" data-element_type=\"container\" data-e-type=\"container\">\n\t\t<div class=\"elementor-element elementor-element-f06f4a8 e-con-full e-flex e-con e-child\" data-id=\"f06f4a8\" data-element_type=\"container\" data-e-type=\"container\">\n\t\t\t\t<div class=\"elementor-element elementor-element-f8d2d50 elementor-widget__width-inherit elementor-invisible elementor-widget elementor-widget-elementskit-heading\" data-id=\"f8d2d50\" data-element_type=\"widget\" data-e-type=\"widget\" data-settings=\"{&quot;_animation&quot;:&quot;fadeInUp&quot;}\" data-widget_type=\"elementskit-heading.default\">\n\t\t\t\t\t<div class=\"ekit-wid-con\" ><div class=\"ekit-heading elementskit-section-title-wraper text_center   ekit_heading_tablet-   ekit_heading_mobile-text_center\"><h3 class=\"elementskit-section-subtitle  \">\n\t\t\t\t\t\tmtm-gmbh\n\t\t\t\t\t<\/h3><\/div><\/div>\t\t\t\t<\/div>\n\t\t\t\t<\/div>\n\t\t\t\t<\/div>\n\t\t\t\t\t<\/div>\n\t\t\t\t<\/div>\n\t\t<div class=\"elementor-element elementor-element-be64773 e-flex e-con-boxed e-con e-parent\" data-id=\"be64773\" data-element_type=\"container\" data-e-type=\"container\" data-settings=\"{&quot;background_background&quot;:&quot;classic&quot;}\">\n\t\t\t\t\t<div class=\"e-con-inner\">\n\t\t<div class=\"elementor-element elementor-element-401a7ae e-con-full e-flex e-con e-child\" data-id=\"401a7ae\" data-element_type=\"container\" data-e-type=\"container\">\n\t\t\t\t<div class=\"elementor-element elementor-element-e4eb279 elementor-widget elementor-widget-image\" data-id=\"e4eb279\" data-element_type=\"widget\" data-e-type=\"widget\" data-widget_type=\"image.default\">\n\t\t\t\t\t\t\t\t\t\t\t\t\t\t\t<img fetchpriority=\"high\" decoding=\"async\" width=\"980\" height=\"400\" src=\"https:\/\/www.mtm-gmbh.com\/wp-content\/uploads\/2026\/04\/mitarbeiter.jpg\" class=\"attachment-large size-large wp-image-813\" alt=\"\" srcset=\"https:\/\/www.mtm-gmbh.com\/wp-content\/uploads\/2026\/04\/mitarbeiter.jpg 980w, https:\/\/www.mtm-gmbh.com\/wp-content\/uploads\/2026\/04\/mitarbeiter-300x122.jpg 300w, https:\/\/www.mtm-gmbh.com\/wp-content\/uploads\/2026\/04\/mitarbeiter-768x313.jpg 768w\" sizes=\"(max-width: 980px) 100vw, 980px\" \/>\t\t\t\t\t\t\t\t\t\t\t\t\t\t\t<\/div>\n\t\t<div class=\"elementor-element elementor-element-a0d0bbc e-con-full e-flex e-con e-child\" data-id=\"a0d0bbc\" data-element_type=\"container\" data-e-type=\"container\">\n\t\t\t\t<div class=\"elementor-element elementor-element-9e1ce38 elementor-widget__width-inherit elementor-invisible elementor-widget elementor-widget-elementskit-heading\" data-id=\"9e1ce38\" data-element_type=\"widget\" data-e-type=\"widget\" data-settings=\"{&quot;_animation&quot;:&quot;fadeInUp&quot;}\" data-widget_type=\"elementskit-heading.default\">\n\t\t\t\t\t<div class=\"ekit-wid-con\" ><div class=\"ekit-heading elementskit-section-title-wraper text_center   ekit_heading_tablet-   ekit_heading_mobile-text_center\"><h2 class=\"ekit-heading--title elementskit-section-title \">Mitarbeiter<\/h2><\/div><\/div>\t\t\t\t<\/div>\n\t\t\t\t<div class=\"elementor-element elementor-element-5fbd23a elementor-widget elementor-widget-text-editor\" data-id=\"5fbd23a\" data-element_type=\"widget\" data-e-type=\"widget\" data-widget_type=\"text-editor.default\">\n\t\t\t\t\t\t\t\t\t<div class=\"flex items-center\"><div id=\"section_content_0\" class=\"prose prose-sm max-w-none w-full h-48 min-h-32 resize-y overflow-y-auto border border-gray-3000 rounded-md p-4 bg-gray-50 text-gray-800 [&amp;_a]:text-blue-600 [&amp;_a]:underline [&amp;_ul]:list-disc [&amp;_ol]:list-decimal [&amp;_ul]:pl-4 [&amp;_ol]:pl-4 space-y-4\"><div class=\"w-full max-w-7xl bg-white shadow-lg rounded-xl overflow-hidden h-[75vh]\"><div class=\"flex h-[calc(75vh-4rem)]\"><div class=\"w-4\/5 p-6 overflow-y-auto bg-white\"><div id=\"tab4\" class=\"tab-content space-y-1 sm:space-y-3\"><div class=\"space-y-8\"><div class=\"sub-tabs-container\"><div class=\"sub-tab-contents\"><div id=\"sub-tab-0\" class=\"sub-tab-content space-y-6\"><div class=\"flex items-center\"><div id=\"section_content_0\" class=\"prose prose-sm max-w-none w-full h-48 min-h-32 resize-y overflow-y-auto border border-gray-3000 rounded-md p-4 bg-gray-50 text-gray-800 [&amp;_a]:text-blue-600 [&amp;_a]:underline [&amp;_ul]:list-disc [&amp;_ol]:list-decimal [&amp;_ul]:pl-4 [&amp;_ol]:pl-4 space-y-4\"><div class=\"elementor-element elementor-element-29659f0 animated-slow elementor-widget elementor-widget-text-editor animated fadeInRight\" data-id=\"29659f0\" data-element_type=\"widget\" data-settings=\"{&quot;_animation&quot;:&quot;fadeInRight&quot;}\" data-widget_type=\"text-editor.default\"><div class=\"elementor-widget-container\"><div class=\"w-full max-w-7xl bg-white shadow-lg rounded-xl overflow-hidden h-[75vh]\"><div class=\"flex h-[calc(75vh-4rem)]\"><div class=\"w-4\/5 p-6 overflow-y-auto bg-white\"><div id=\"tab4\" class=\"tab-content space-y-1 sm:space-y-3\"><div class=\"space-y-8\"><div class=\"sub-tabs-container\"><div class=\"sub-tab-contents\"><div id=\"sub-tab-1\" class=\"sub-tab-content space-y-6\"><div class=\"flex items-center\"><div id=\"section_content_1\" class=\"prose prose-sm max-w-none w-full h-48 min-h-32 resize-y overflow-y-auto border border-gray-3000 rounded-md p-4 bg-gray-50 text-gray-800 [&amp;_a]:text-blue-600 [&amp;_a]:underline [&amp;_ul]:list-disc [&amp;_ol]:list-decimal [&amp;_ul]:pl-4 [&amp;_ol]:pl-4 space-y-4\"><div class=\"elementor-element elementor-element-bf08e9e elementor-widget elementor-widget-text-editor\" data-id=\"bf08e9e\" data-element_type=\"widget\" data-widget_type=\"text-editor.default\"><div class=\"elementor-widget-container\"><div class=\"flex items-center\"><div id=\"section_content_0\" class=\"prose prose-sm max-w-none w-full h-48 min-h-32 resize-y overflow-y-auto border border-gray-3000 rounded-md p-4 bg-gray-50 text-gray-800 [&amp;_a]:text-blue-600 [&amp;_a]:underline [&amp;_ul]:list-disc [&amp;_ol]:list-decimal [&amp;_ul]:pl-4 [&amp;_ol]:pl-4 space-y-4\"><div class=\"w-full max-w-7xl bg-white shadow-lg rounded-xl overflow-hidden h-[75vh]\"><div class=\"flex h-[calc(75vh-4rem)]\"><div class=\"w-4\/5 p-6 overflow-y-auto bg-white\"><div id=\"tab4\" class=\"tab-content space-y-1 sm:space-y-3\"><div class=\"space-y-8\"><div class=\"sub-tabs-container\"><div class=\"sub-tab-contents\"><div id=\"sub-tab-10\" class=\"sub-tab-content space-y-6\"><div class=\"flex items-center\"><div id=\"section_content_10\" class=\"prose prose-sm max-w-none w-full h-48 min-h-32 resize-y overflow-y-auto border border-gray-3000 rounded-md p-4 bg-gray-50 text-gray-800 [&amp;_a]:text-blue-600 [&amp;_a]:underline [&amp;_ul]:list-disc [&amp;_ol]:list-decimal [&amp;_ul]:pl-4 [&amp;_ol]:pl-4 space-y-4\"><div class=\"column mcb-column two-fifth column_column column-margin-\"><div class=\"column_attr clearfix\"><div class=\"column mcb-column one column_column column-margin-\"><div class=\"column_attr clearfix\"><div class=\"column mcb-column two-fifth column_column column-margin-\"><div class=\"column_attr clearfix\"><div class=\"column mcb-column one-fourth column_column column-margin-\"><div class=\"column_attr clearfix\"><div class=\"column mcb-column one column_column column-margin-\"><div class=\"column_attr clearfix\"><div class=\"column mcb-column one column_column  column-margin-\"><div class=\"column_attr clearfix\">Die MTM GmbH ist ein Familienunternehmen, welches den Verbund der Generationen und die Vielfalt der Kulturen lebt!<br \/>Wir sind leistungs- und zukunftsorientiert, bewahren dabei aber auch die traditionellen Werte. Durch den Verbund der Generationen sch\u00f6pft das Unternehmen aus Altbew\u00e4hrtem und frischen neuen Ideen. Die Zusammenf\u00fchrung dieser Komponenten erzeugt die wertvolle Essenz, aus welcher die Mitarbeiter und Mitarbeiterinnen und die Gesch\u00e4ftsf\u00fchrung der MTM-Gruppe die treibende Energie der Innovation n\u00e4hrt. Im Mittelpunkt steht der Mensch &#8211; wir kommunizieren respektvoll, wir f\u00f6rdern innovative Ideen, wir handeln fair; sowohl innerhalb des Unternehmens, als auch mit unseren Gesch\u00e4ftspartnern.<\/div><\/div><\/div><\/div><\/div><\/div><\/div><\/div><\/div><\/div><\/div><\/div><\/div><\/div><\/div><\/div><\/div><\/div><\/div><\/div><\/div><\/div><\/div><\/div><\/div><\/div><\/div><\/div><\/div><\/div><\/div><\/div><\/div><\/div><\/div><\/div><\/div><\/div><\/div><\/div><\/div><\/div><\/div><\/div><\/div><\/div><\/div><\/div><\/div><\/div><div>\u00a0<\/div><div>Dadurch erzielen wir ein famili\u00e4res, hochwertiges und hochproduktives Arbeits- und Gesch\u00e4ftsklima.<br \/><br \/>Die MTM GmbH bekennt sich zu ihrer sozialen Verantwortung gegen\u00fcber ihren Mitarbeitern und Mitarbeiterinnen und deren Familien und garantiert so die komplette MTM-Gruppe mit allen Unternehmens-standorten als verl\u00e4sslichen Arbeitgeber. Unsere Mitarbeiter und Mitarbeiterinnen sind ein wesentlicher Faktor des Unternehmenserfolgs.<br \/><br \/><b>Wir sind stolz auf unsere bunte MTM-Betriebsfamilie.<\/b><\/div><div>\u00a0<\/div><div><div id=\"Content\"><div class=\"content_wrapper clearfix\"><div class=\"sections_group\"><div class=\"entry-content\"><div class=\"section mcb-section   \"><div class=\"section_wrapper mcb-section-inner\"><div class=\"wrap mcb-wrap one  valign-top clearfix\"><div class=\"mcb-wrap-inner\"><div class=\"column mcb-column one column_column  column-margin-\"><div class=\"column_attr clearfix\">Interessiert an MTM? Werden Sie Mitglied unserer Betriebsfamilie.<br \/><a href=\"mailto:bewerbung@mtm-gmbh.com\">Hier klicken und bewerben!<\/a><br \/><br \/><b>Hier sehen Sie unsere aktuellen\u00a0<a href=\"http:\/\/www.mtm-gmbh.com\/?page_id=3589\" target=\"_blank\" rel=\"noopener\">Stellenausschreibungen<\/a>.<\/b><\/div><\/div><\/div><\/div><\/div><\/div><\/div><\/div><\/div><\/div><\/div><div class=\"flex items-center\"><div id=\"section_content_0\" class=\"prose prose-sm max-w-none w-full h-48 min-h-32 resize-y overflow-y-auto border border-gray-3000 rounded-md p-4 bg-gray-50 text-gray-800 [&amp;_a]:text-blue-600 [&amp;_a]:underline [&amp;_ul]:list-disc [&amp;_ol]:list-decimal [&amp;_ul]:pl-4 [&amp;_ol]:pl-4 space-y-4\"><div class=\"w-full max-w-7xl bg-white shadow-lg rounded-xl overflow-hidden h-[75vh]\"><div class=\"flex h-[calc(75vh-4rem)]\"><div class=\"w-4\/5 p-6 overflow-y-auto bg-white\"><div id=\"tab4\" class=\"tab-content space-y-1 sm:space-y-3\"><div class=\"space-y-8\"><div class=\"sub-tabs-container\"><div class=\"sub-tab-contents\"><div id=\"sub-tab-0\" class=\"sub-tab-content space-y-6\"><div class=\"flex items-center\"><div id=\"section_content_0\" class=\"prose prose-sm max-w-none w-full h-48 min-h-32 resize-y overflow-y-auto border border-gray-3000 rounded-md p-4 bg-gray-50 text-gray-800 [&amp;_a]:text-blue-600 [&amp;_a]:underline [&amp;_ul]:list-disc [&amp;_ol]:list-decimal [&amp;_ul]:pl-4 [&amp;_ol]:pl-4 space-y-4\"><div class=\"elementor-element elementor-element-29659f0 animated-slow elementor-widget elementor-widget-text-editor animated fadeInRight\" data-id=\"29659f0\" data-element_type=\"widget\" data-settings=\"{&quot;_animation&quot;:&quot;fadeInRight&quot;}\" data-widget_type=\"text-editor.default\"><div class=\"elementor-widget-container\"><div class=\"w-full max-w-7xl bg-white shadow-lg rounded-xl overflow-hidden h-[75vh]\"><div class=\"flex h-[calc(75vh-4rem)]\"><div class=\"w-4\/5 p-6 overflow-y-auto bg-white\"><div id=\"tab4\" class=\"tab-content space-y-1 sm:space-y-3\"><div class=\"space-y-8\"><div class=\"sub-tabs-container\"><div class=\"sub-tab-contents\"><div id=\"sub-tab-1\" class=\"sub-tab-content space-y-6\"><div class=\"flex items-center\"><div id=\"section_content_1\" class=\"prose prose-sm max-w-none w-full h-48 min-h-32 resize-y overflow-y-auto border border-gray-3000 rounded-md p-4 bg-gray-50 text-gray-800 [&amp;_a]:text-blue-600 [&amp;_a]:underline [&amp;_ul]:list-disc [&amp;_ol]:list-decimal [&amp;_ul]:pl-4 [&amp;_ol]:pl-4 space-y-4\"><div class=\"elementor-element elementor-element-bf08e9e elementor-widget elementor-widget-text-editor\" data-id=\"bf08e9e\" data-element_type=\"widget\" data-widget_type=\"text-editor.default\"><div class=\"elementor-widget-container\"><div class=\"flex items-center\"><div id=\"section_content_0\" class=\"prose prose-sm max-w-none w-full h-48 min-h-32 resize-y overflow-y-auto border border-gray-3000 rounded-md p-4 bg-gray-50 text-gray-800 [&amp;_a]:text-blue-600 [&amp;_a]:underline [&amp;_ul]:list-disc [&amp;_ol]:list-decimal [&amp;_ul]:pl-4 [&amp;_ol]:pl-4 space-y-4\"><div class=\"w-full max-w-7xl bg-white shadow-lg rounded-xl overflow-hidden h-[75vh]\"><div class=\"flex h-[calc(75vh-4rem)]\"><div class=\"w-4\/5 p-6 overflow-y-auto bg-white\"><div id=\"tab4\" class=\"tab-content space-y-1 sm:space-y-3\"><div class=\"space-y-8\"><div class=\"sub-tabs-container\"><div class=\"sub-tab-contents\"><div id=\"sub-tab-10\" class=\"sub-tab-content space-y-6\"><div class=\"flex items-center\"><div id=\"section_content_10\" class=\"prose prose-sm max-w-none w-full h-48 min-h-32 resize-y overflow-y-auto border border-gray-3000 rounded-md p-4 bg-gray-50 text-gray-800 [&amp;_a]:text-blue-600 [&amp;_a]:underline [&amp;_ul]:list-disc [&amp;_ol]:list-decimal [&amp;_ul]:pl-4 [&amp;_ol]:pl-4 space-y-4\"><div class=\"column mcb-column two-fifth column_column column-margin-\"><div class=\"column_attr clearfix\"><div class=\"column mcb-column one column_column column-margin-\"><div class=\"column_attr clearfix\"><div class=\"column mcb-column two-fifth column_column column-margin-\"><div class=\"column_attr clearfix\"><div class=\"column mcb-column one-fourth column_column column-margin-\"><div class=\"column_attr clearfix\"><div class=\"column mcb-column one column_column column-margin-\"><div class=\"column_attr clearfix\"><div class=\"column mcb-column three-fourth column_photo_box \"><div class=\"photo_box  without-desc\"><div class=\"image_frame\"><div class=\"image_wrapper\">\u00a0<\/div><\/div><\/div><\/div><\/div><\/div><\/div><\/div><\/div><\/div><\/div><\/div><\/div><\/div><\/div><\/div><\/div><\/div><\/div><\/div><\/div><\/div><\/div><\/div><\/div><\/div><\/div><\/div><\/div><\/div><\/div><\/div><\/div><\/div><\/div><\/div><\/div><\/div><\/div><\/div><\/div><\/div><\/div><\/div><\/div><\/div><\/div><\/div><\/div><\/div><\/div><\/div>\t\t\t\t\t\t\t\t<\/div>\n\t\t\t\t<div class=\"elementor-element elementor-element-e2e52a8 elementor-widget__width-inherit elementor-mobile-align-center elementor-widget-mobile__width-inherit elementor-align-center elementor-widget elementor-widget-button\" data-id=\"e2e52a8\" data-element_type=\"widget\" data-e-type=\"widget\" data-widget_type=\"button.default\">\n\t\t\t\t\t\t\t\t\t\t<a class=\"elementor-button elementor-button-link elementor-size-md\" href=\"https:\/\/www.mtm-gmbh.com\/\">\n\t\t\t\t\t\t<span class=\"elementor-button-content-wrapper\">\n\t\t\t\t\t\t<span class=\"elementor-button-icon\">\n\t\t\t\t<i aria-hidden=\"true\" class=\"icon icon-arrow-right\"><\/i>\t\t\t<\/span>\n\t\t\t\t\t\t\t\t\t<span class=\"elementor-button-text\">KONTAKTFORMULAR<\/span>\n\t\t\t\t\t<\/span>\n\t\t\t\t\t<\/a>\n\t\t\t\t\t\t\t\t<\/div>\n\t\t\t\t<\/div>\n\t\t\t\t<\/div>\n\t\t\t\t\t<\/div>\n\t\t\t\t<\/div>\n\t\t<div class=\"elementor-element elementor-element-4829a99 e-flex e-con-boxed e-con e-parent\" data-id=\"4829a99\" data-element_type=\"container\" data-e-type=\"container\" data-settings=\"{&quot;background_background&quot;:&quot;video&quot;,&quot;background_video_link&quot;:&quot;https:\\\/\\\/www.mtm-gmbh.com\\\/wp-content\\\/uploads\\\/2026\\\/03\\\/Flex_Cell_D.mp4&quot;}\">\n\t\t\t\t\t<div class=\"e-con-inner\">\n\t\t<div class=\"elementor-background-video-container elementor-hidden-mobile\">\n\t\t\t\t\t\t\t<video class=\"elementor-background-video-hosted\" role=\"presentation\" autoplay muted playsinline loop><\/video>\n\t\t\t\t\t<\/div><div class=\"elementor-element elementor-element-0e9acbe e-con-full e-flex e-con e-child\" data-id=\"0e9acbe\" data-element_type=\"container\" data-e-type=\"container\">\n\t\t<div class=\"elementor-element elementor-element-bd53420 e-con-full e-flex e-con e-child\" data-id=\"bd53420\" data-element_type=\"container\" data-e-type=\"container\">\n\t\t\t\t<div class=\"elementor-element elementor-element-2563df0 elementor-widget__width-inherit elementor-invisible elementor-widget elementor-widget-elementskit-heading\" data-id=\"2563df0\" data-element_type=\"widget\" data-e-type=\"widget\" data-settings=\"{&quot;_animation&quot;:&quot;fadeInUp&quot;}\" data-widget_type=\"elementskit-heading.default\">\n\t\t\t\t\t<div class=\"ekit-wid-con\" ><div class=\"ekit-heading elementskit-section-title-wraper text_center   ekit_heading_tablet-   ekit_heading_mobile-text_center\"><h3 class=\"elementskit-section-subtitle  \">\n\t\t\t\t\t\tmtm-gmbh\n\t\t\t\t\t<\/h3><h2 class=\"ekit-heading--title elementskit-section-title \">HABEN SIE FRAGEN? <span><span>KONTAKTIEREN SIE UNS!<\/span><\/span><\/h2>\t\t\t\t<div class='ekit-heading__description'>\n\t\t\t\t\t<p>MTM Mei\u00dfner Technik M\u00fcllenbach GmbH \u2013 industrielle Teilereinigung, Entgraten und Automatisierung f\u00fcr anspruchsvolle Fertigungsprozesse<\/p>\n\t\t\t\t<\/div>\n\t\t\t<\/div><\/div>\t\t\t\t<\/div>\n\t\t\t\t<div class=\"elementor-element elementor-element-df62ec0 elementor-widget__width-inherit elementor-mobile-align-center elementor-widget-mobile__width-inherit elementor-align-center elementor-widget elementor-widget-button\" data-id=\"df62ec0\" data-element_type=\"widget\" data-e-type=\"widget\" data-widget_type=\"button.default\">\n\t\t\t\t\t\t\t\t\t\t<a class=\"elementor-button elementor-button-link elementor-size-md\" href=\"https:\/\/www.mtm-gmbh.com\/\">\n\t\t\t\t\t\t<span class=\"elementor-button-content-wrapper\">\n\t\t\t\t\t\t<span class=\"elementor-button-icon\">\n\t\t\t\t<i aria-hidden=\"true\" class=\"icon icon-arrow-right\"><\/i>\t\t\t<\/span>\n\t\t\t\t\t\t\t\t\t<span class=\"elementor-button-text\">KONTAKTFORMULAR<\/span>\n\t\t\t\t\t<\/span>\n\t\t\t\t\t<\/a>\n\t\t\t\t\t\t\t\t<\/div>\n\t\t\t\t<\/div>\n\t\t\t\t<\/div>\n\t\t\t\t\t<\/div>\n\t\t\t\t<\/div>\n\t\t\t\t<\/div>\n\t\t","protected":false},"excerpt":{"rendered":"<p>mtm-gmbh Mitarbeiter Die MTM GmbH ist ein Familienunternehmen, welches den Verbund der Generationen und die Vielfalt der Kulturen lebt!Wir sind leistungs- und zukunftsorientiert, bewahren dabei aber auch die traditionellen Werte. Durch den Verbund der Generationen sch\u00f6pft das Unternehmen aus Altbew\u00e4hrtem und frischen neuen Ideen. Die Zusammenf\u00fchrung dieser Komponenten erzeugt die wertvolle Essenz, aus welcher die [&hellip;]<\/p>\n","protected":false},"author":1,"featured_media":0,"parent":0,"menu_order":0,"comment_status":"closed","ping_status":"closed","template":"","meta":{"ocean_post_layout":"full-screen","ocean_both_sidebars_style":"","ocean_both_sidebars_content_width":0,"ocean_both_sidebars_sidebars_width":0,"ocean_sidebar":"0","ocean_second_sidebar":"0","ocean_disable_margins":"enable","ocean_add_body_class":"","ocean_shortcode_before_top_bar":"","ocean_shortcode_after_top_bar":"","ocean_shortcode_before_header":"","ocean_shortcode_after_header":"","ocean_has_shortcode":"","ocean_shortcode_after_title":"","ocean_shortcode_before_footer_widgets":"","ocean_shortcode_after_footer_widgets":"","ocean_shortcode_before_footer_bottom":"","ocean_shortcode_after_footer_bottom":"","ocean_display_top_bar":"default","ocean_display_header":"default","ocean_header_style":"","ocean_center_header_left_menu":"0","ocean_custom_header_template":"0","ocean_custom_logo":0,"ocean_custom_retina_logo":0,"ocean_custom_logo_max_width":0,"ocean_custom_logo_tablet_max_width":0,"ocean_custom_logo_mobile_max_width":0,"ocean_custom_logo_max_height":0,"ocean_custom_logo_tablet_max_height":0,"ocean_custom_logo_mobile_max_height":0,"ocean_header_custom_menu":"0","ocean_menu_typo_font_family":"0","ocean_menu_typo_font_subset":"","ocean_menu_typo_font_size":0,"ocean_menu_typo_font_size_tablet":0,"ocean_menu_typo_font_size_mobile":0,"ocean_menu_typo_font_size_unit":"px","ocean_menu_typo_font_weight":"","ocean_menu_typo_font_weight_tablet":"","ocean_menu_typo_font_weight_mobile":"","ocean_menu_typo_transform":"","ocean_menu_typo_transform_tablet":"","ocean_menu_typo_transform_mobile":"","ocean_menu_typo_line_height":0,"ocean_menu_typo_line_height_tablet":0,"ocean_menu_typo_line_height_mobile":0,"ocean_menu_typo_line_height_unit":"","ocean_menu_typo_spacing":0,"ocean_menu_typo_spacing_tablet":0,"ocean_menu_typo_spacing_mobile":0,"ocean_menu_typo_spacing_unit":"","ocean_menu_link_color":"","ocean_menu_link_color_hover":"","ocean_menu_link_color_active":"","ocean_menu_link_background":"","ocean_menu_link_hover_background":"","ocean_menu_link_active_background":"","ocean_menu_social_links_bg":"","ocean_menu_social_hover_links_bg":"","ocean_menu_social_links_color":"","ocean_menu_social_hover_links_color":"","ocean_disable_title":"default","ocean_disable_heading":"default","ocean_post_title":"","ocean_post_subheading":"","ocean_post_title_style":"","ocean_post_title_background_color":"","ocean_post_title_background":0,"ocean_post_title_bg_image_position":"","ocean_post_title_bg_image_attachment":"","ocean_post_title_bg_image_repeat":"","ocean_post_title_bg_image_size":"","ocean_post_title_height":0,"ocean_post_title_bg_overlay":0.5,"ocean_post_title_bg_overlay_color":"","ocean_disable_breadcrumbs":"default","ocean_breadcrumbs_color":"","ocean_breadcrumbs_separator_color":"","ocean_breadcrumbs_links_color":"","ocean_breadcrumbs_links_hover_color":"","ocean_display_footer_widgets":"default","ocean_display_footer_bottom":"default","ocean_custom_footer_template":"0","footnotes":""},"class_list":["post-811","page","type-page","status-publish","hentry","entry"],"_links":{"self":[{"href":"https:\/\/www.mtm-gmbh.com\/index.php?rest_route=\/wp\/v2\/pages\/811","targetHints":{"allow":["GET"]}}],"collection":[{"href":"https:\/\/www.mtm-gmbh.com\/index.php?rest_route=\/wp\/v2\/pages"}],"about":[{"href":"https:\/\/www.mtm-gmbh.com\/index.php?rest_route=\/wp\/v2\/types\/page"}],"author":[{"embeddable":true,"href":"https:\/\/www.mtm-gmbh.com\/index.php?rest_route=\/wp\/v2\/users\/1"}],"replies":[{"embeddable":true,"href":"https:\/\/www.mtm-gmbh.com\/index.php?rest_route=%2Fwp%2Fv2%2Fcomments&post=811"}],"version-history":[{"count":4,"href":"https:\/\/www.mtm-gmbh.com\/index.php?rest_route=\/wp\/v2\/pages\/811\/revisions"}],"predecessor-version":[{"id":816,"href":"https:\/\/www.mtm-gmbh.com\/index.php?rest_route=\/wp\/v2\/pages\/811\/revisions\/816"}],"wp:attachment":[{"href":"https:\/\/www.mtm-gmbh.com\/index.php?rest_route=%2Fwp%2Fv2%2Fmedia&parent=811"}],"curies":[{"name":"wp","href":"https:\/\/api.w.org\/{rel}","templated":true}]}}